{"id":976,"date":"2014-09-10T08:20:46","date_gmt":"2014-09-10T08:20:46","guid":{"rendered":"http:\/\/www.www.mivar-viva.ee\/?page_id=976"},"modified":"2026-02-02T09:47:25","modified_gmt":"2026-02-02T07:47:25","slug":"tellimistingimused","status":"publish","type":"page","link":"https:\/\/www.mivar-viva.ee\/e-pood\/tellimistingimused\/","title":{"rendered":"Tellimistingimused"},"content":{"rendered":"<div class=\"et_pb_section_0 et_pb_section et_section_regular et_block_section section_has_divider et_pb_bottom_divider\">\n<div class=\"et_pb_row_0 et_pb_row et-vb-row--no-module et_block_row\">\n<div class=\"et_pb_column_0 et_pb_column et_pb_column_4_4 et-last-child et_block_column et_pb_column_empty et_pb_css_mix_blend_mode_passthrough\"><\/div>\n<\/div>\n<div class=\"et_pb_bottom_inside_divider et-no-transition\"><\/div><\/div>\n\n<div class=\"et_pb_section_1 et_pb_section et_section_regular et_flex_section\">\n<div class=\"et_pb_row_1 et_pb_row et_flex_row\">\n<div class=\"et_pb_column_1 et_pb_column et-last-child et_flex_column et_pb_css_mix_blend_mode_passthrough et_flex_column_24_24 et_flex_column_24_24_tablet et_flex_column_24_24_phone\">\n<div class=\"et_pb_post_title_0 et_pb_post_title et_pb_bg_layout_light et_pb_module et_flex_module\"><div class=\"et_pb_title_container\"><h1 class=\"entry-title\">Tellimistingimused<\/h1><\/div><\/div>\n<\/div>\n<\/div>\n<\/div>\n\n<div class=\"et_pb_section_2 et_pb_section et_section_regular et_flex_section\">\n<div class=\"et_pb_row_2 et_pb_row et_flex_row\">\n<div class=\"et_pb_column_2 et_pb_column et-last-child et_flex_column et_pb_css_mix_blend_mode_passthrough et_flex_column_24_24 et_flex_column_24_24_tablet et_flex_column_24_24_phone\">\n<div class=\"et_pb_text_0 et_pb_text et_pb_bg_layout_light et_pb_module et_flex_module\"><div class=\"et_pb_text_inner\"><p><strong>1.Kehtivus<\/strong><br \/>K\u00e4esolevad tingimused kehtivad k\u00f5ikidele Mivar-Viva internetipoe ning kaupa telliva isiku vahel s\u00f5lmitud ostu-m\u00fc\u00fcgilepingutele.<\/p>\n<p><strong>2.Hinnapoliitika<\/strong><\/p>\n<p>K\u00f5ik hinnad on eurodes ning sisaldavad k\u00e4ibemaksu. Tellimuse summale kuni 60 eurot lisandub postikulu, mis samuti sisaldab k\u00e4ibemaksu. Tellimused alates 60 eurost toimetame kohale tasuta.E-poest ostes lisanduv postikulu suurus ja tasuta kohaletoimetamine kehtib ainult kauba transportimisel\u00a0Eesti Vabariigi piires. Kui on soov tellida tooteid v\u00e4ljaspoole Eesti Vabariigi piire v\u00f5tke \u00fchendust e-maili (kauplus@www.mivar-viva.ee)\u00a0teel.<\/p>\n<p><strong>3.Tellimuse t\u00e4itmise t\u00e4htajad<\/strong><br \/>Tellitud tooted saadetakse teele mitte hiljem kui 5 t\u00f6\u00f6p\u00e4eva jooksul alates tellija poolt tellimuse eest makstava summa laekumisest m\u00fc\u00fcja arveldusarvele. S\u00f5ltuvalt transpordiviisist v\u00f5ib kauba kohaletoimetamiseks kuluv aeg varieeruda, kuid ei tohiks \u00fcletada 3 p\u00e4eva. Juhul, kui tekib oht, et kauba kohaletoimetamiseks kuluv aeg \u00fcletab 3 p\u00e4eva mistahes p\u00f5hjusel, anname sellest koheselt teada kauba tellijale e-maili v\u00f5i telefoni teel.<\/p>\n<p><strong>4.Tellija \u00f5igus lepingust taganeda<\/strong><br \/>Tellijal on lepingust taganemis\u00f5igus 14 p\u00e4eva jooksul alates kauba k\u00e4ttesaamisest, eeldusel, et kaup ei ole kasutatud ning tagastamine toimub originaalpakendis. Kauba tagastamise soovist kohustub tellija teada andma e-maili (kauplus@www.mivar-viva.ee)v\u00f5i kirja teel, kuhu on m\u00e4rgitud saadud kauba arve number, arveldusarve number ja saaja, kelle kontole raha tagastatakse. Tellija peab kauba tagastama 14 p\u00e4eva jooksul taganemisavalduse tegemisest. M\u00fc\u00fcja tagastab tellijale raha kauba ja k\u00e4ttetoimetamise kulude ulatuses tellija poolt osundatud pangaarvele hiljemalt 14 t\u00f6\u00f6p\u00e4eva jooksul alates taganemisteate saamisest.Kauba tagasi saatmise kulusid m\u00fc\u00fcja ei tagasta. M\u00fc\u00fcja v\u00f5ib raha tagastamisest keelduda seni, kuni tellija on asja tagastanud v\u00f5i esitanud sellekohase t\u00f5endi. Juhul,kui peale kauba tagastamist ilmneb, et tagastus ei vasta ostulepingus toodud tingimustele, siis raha ei tagastata.<\/p>\n<p><strong>5.Garantii<\/strong><br \/>K\u00f5ikidele kaupadele kehtivad Eesti Vabariigi seadusest tulenevad garantiitingimused ja pretensiooni esitamise aeg. Puuduste esinemisel on tellijal \u00f5igus n\u00f5uda kauba vahetamist. Kui m\u00fc\u00fcjal ei ole v\u00f5imalik kaupa vahetada, on tellijal \u00f5igus kaup tagasi saata ning tellimusest loobuda. Soovitame tellijal v\u00f5tta meiega \u00fchendust, kui on tellitud kaupadega tekkinud probleeme. Proovime alati leida sobiva lahenduse .<\/p>\n<p><strong>6.Tellimuse eest maksmine<\/strong><br \/>Tellimuse eest saab tellija maksta koheselt internetipoes pangalingi kaudu. Mivar-Viva AS on isikuandmete vastutav t\u00f6\u00f6tleja. Maksete teostamiseks vajalikud andmed edastab Mivar-Viva AS edasi volitatud t\u00f6\u00f6tleja, Maksekeskus AS-le. Kui tellija soovib kauba eest tasuda ettemaksuarve alusel, saadab m\u00fc\u00fcja sellekohase arve tellija e-mailile. Ostu sooritamise ja arve tasumisega kinnitab ostja, et on tutvunud tellimistingimustega.<\/p>\n<p><strong>7.Isikuandmete kaitse<\/strong><br \/>Mivar-Viva AS on isikuandmete vastutav t\u00f6\u00f6tleja. Tellija poolt m\u00fc\u00fcjale avaldatud isikuandmed on konfidentsiaalsed ning m\u00fc\u00fcja ei avalda neid kolmandatele osapooltele, v\u00e4lja arvatud maksete teostamiseks vajalikud isikuandmed, volitatud t\u00f6\u00f6tlejale Maksekeskus AS-le ja transporditeenuse pakkujale tellimuse t\u00e4itmise eesm\u00e4rgil.<\/p>\n<p><strong>8.Muud tingimused<\/strong><br \/>M\u00fc\u00fcja j\u00e4tab endale \u00f5iguse pakutavate kaupade hindu muuta ja t\u00e4iendada. Sellekohased muutused hakkavad kehtima alates nende ilmumisest m\u00fc\u00fcja internetipoe aadressil.<\/p>\n<p>K\u00e4esolevate tingimuste t\u00e4itmisest tulenevaid eriarvamusi ja vaidlusi lahendavad pooled eelk\u00f5ige l\u00e4bir\u00e4\u00e4kimiste teel. Kui lepingust tulenevaid vaidlusi ei \u00f5nnestu lahendada poolte l\u00e4bir\u00e4\u00e4kimistega on ostjal \u00f5igus p\u00f6\u00f6rduda oma \u00f5iguste kaitseks Tarbijakaitseametisse.<\/p>\n<\/div><\/div>\n<\/div>\n<\/div>\n<\/div>","protected":false},"excerpt":{"rendered":"","protected":false},"author":1,"featured_media":0,"parent":0,"menu_order":0,"comment_status":"closed","ping_status":"closed","template":"","meta":{"footnotes":""},"class_list":["post-976","page","type-page","status-publish","hentry"],"aioseo_notices":[],"_links":{"self":[{"href":"https:\/\/www.mivar-viva.ee\/e-pood\/wp-json\/wp\/v2\/pages\/976","targetHints":{"allow":["GET"]}}],"collection":[{"href":"https:\/\/www.mivar-viva.ee\/e-pood\/wp-json\/wp\/v2\/pages"}],"about":[{"href":"https:\/\/www.mivar-viva.ee\/e-pood\/wp-json\/wp\/v2\/types\/page"}],"author":[{"embeddable":true,"href":"https:\/\/www.mivar-viva.ee\/e-pood\/wp-json\/wp\/v2\/users\/1"}],"replies":[{"embeddable":true,"href":"https:\/\/www.mivar-viva.ee\/e-pood\/wp-json\/wp\/v2\/comments?post=976"}],"version-history":[{"count":8,"href":"https:\/\/www.mivar-viva.ee\/e-pood\/wp-json\/wp\/v2\/pages\/976\/revisions"}],"predecessor-version":[{"id":28092,"href":"https:\/\/www.mivar-viva.ee\/e-pood\/wp-json\/wp\/v2\/pages\/976\/revisions\/28092"}],"wp:attachment":[{"href":"https:\/\/www.mivar-viva.ee\/e-pood\/wp-json\/wp\/v2\/media?parent=976"}],"curies":[{"name":"wp","href":"https:\/\/api.w.org\/{rel}","templated":true}]}}