{"id":12912,"date":"2015-04-22T09:52:26","date_gmt":"2015-04-22T07:52:26","guid":{"rendered":"http:\/\/www.www.mivar-viva.ee\/?post_type=product&#038;p=12912"},"modified":"2026-03-12T08:33:17","modified_gmt":"2026-03-12T06:33:17","slug":"4-sess-tekk","status":"publish","type":"product","link":"https:\/\/www.mivar-viva.ee\/e-pood\/toode\/4-sess-tekk\/","title":{"rendered":"4-sess tekk"},"content":{"rendered":"<p>Sessoontekk on komplekt kahest erineva paksusega tekist, mida\u00a0saab omavahel trukkidega \u00fchendada.\u00a0 Tekki saab kasutada kogu aasta vastavalt vajadusele, kasutades eraldi v\u00f5i trukkidega \u00fchendades.<\/p>\n<p>Pealiskangas: mikrofiiber<\/p>\n<p>T\u00e4idis: kerge ja kohev pol\u00fcesterkiud<\/p>\n<p>\u00dchel tekil t\u00e4idist 200 g\/m2<\/p>\n<p>Teisel tekil t\u00e4idist 300 g\/m2<\/p>\n<p>Hooldus: pesu 40 kraadi juures<\/p>\n<p>&nbsp;<\/p>\n<div id=\"page-wrapper\"><\/div>\n","protected":false},"excerpt":{"rendered":"<p>Sessoontekk on komplekt kahest erineva paksusega tekist, mida\u00a0saab omavahel trukkidega \u00fchendada.\u00a0 Tekki saab kasutada kogu aasta vastavalt vajadusele, kasutades eraldi v\u00f5i trukkidega \u00fchendades. Pealiskangas: mikrofiiber T\u00e4idis: kerge ja kohev pol\u00fcesterkiud \u00dchel tekil t\u00e4idist 200 g\/m2 Teisel tekil t\u00e4idist 300 g\/m2 Hooldus: pesu 40 kraadi juures &nbsp;<\/p>\n","protected":false},"featured_media":28143,"comment_status":"closed","ping_status":"closed","template":"","meta":[],"product_brand":[],"product_cat":[15],"product_tag":[],"class_list":{"0":"post-12912","1":"product","2":"type-product","3":"status-publish","4":"has-post-thumbnail","6":"product_cat-tekid","8":"first","9":"instock","10":"taxable","11":"shipping-taxable","12":"purchasable","13":"product-type-variable"},"aioseo_notices":[],"_links":{"self":[{"href":"https:\/\/www.mivar-viva.ee\/e-pood\/wp-json\/wp\/v2\/product\/12912","targetHints":{"allow":["GET"]}}],"collection":[{"href":"https:\/\/www.mivar-viva.ee\/e-pood\/wp-json\/wp\/v2\/product"}],"about":[{"href":"https:\/\/www.mivar-viva.ee\/e-pood\/wp-json\/wp\/v2\/types\/product"}],"replies":[{"embeddable":true,"href":"https:\/\/www.mivar-viva.ee\/e-pood\/wp-json\/wp\/v2\/comments?post=12912"}],"wp:featuredmedia":[{"embeddable":true,"href":"https:\/\/www.mivar-viva.ee\/e-pood\/wp-json\/wp\/v2\/media\/28143"}],"wp:attachment":[{"href":"https:\/\/www.mivar-viva.ee\/e-pood\/wp-json\/wp\/v2\/media?parent=12912"}],"wp:term":[{"taxonomy":"product_brand","embeddable":true,"href":"https:\/\/www.mivar-viva.ee\/e-pood\/wp-json\/wp\/v2\/product_brand?post=12912"},{"taxonomy":"product_cat","embeddable":true,"href":"https:\/\/www.mivar-viva.ee\/e-pood\/wp-json\/wp\/v2\/product_cat?post=12912"},{"taxonomy":"product_tag","embeddable":true,"href":"https:\/\/www.mivar-viva.ee\/e-pood\/wp-json\/wp\/v2\/product_tag?post=12912"}],"curies":[{"name":"wp","href":"https:\/\/api.w.org\/{rel}","templated":true}]}}