{"id":24110,"date":"2019-11-07T15:35:39","date_gmt":"2019-11-07T13:35:39","guid":{"rendered":"http:\/\/www.mivar-viva.ee\/e-pood\/?post_type=product&#038;p=24110"},"modified":"2026-04-08T13:01:54","modified_gmt":"2026-04-08T10:01:54","slug":"soft-wool-madratsikate","status":"publish","type":"product","link":"https:\/\/www.mivar-viva.ee\/e-pood\/toode\/soft-wool-madratsikate\/","title":{"rendered":"Soft Wool madratsikate"},"content":{"rendered":"<p>Kaitske oma madratsit plekkide ja tolmu eest, et uni m\u00f6\u00f6duks h\u00fcgieenilises, m\u00f5nusas ja soojas keskkonnas.Pehme ja hingav kattematerjal koosneb 100% mikrokiududest. Kergekaaluline 200g\/m2 tihedusega villat\u00e4idis annab lisamugavuse.T\u00e4iuslik soojusjuhtivus ja poorsus tagavad suurep\u00e4rase kohandumise erinevate temperatuuridega. Madratsikate on lihtsasti kokku pakitav ega kaota oma vormi ka p\u00e4rast mitmeid pesukordi.<br \/>\nT\u00e4itematerjal: 30% vill, 70% pol\u00fcesterkiud<\/p>\n","protected":false},"excerpt":{"rendered":"<p>Kaitske oma madratsit plekkide ja tolmu eest, et uni m\u00f6\u00f6duks h\u00fcgieenilises, m\u00f5nusas ja soojas keskkonnas.Pehme ja hingav kattematerjal koosneb 100% mikrokiududest. Kergekaaluline 200g\/m2 tihedusega villat\u00e4idis annab lisamugavuse.T\u00e4iuslik soojusjuhtivus ja poorsus tagavad suurep\u00e4rase kohandumise erinevate temperatuuridega. Madratsikate on lihtsasti kokku pakitav ega kaota oma vormi ka p\u00e4rast mitmeid pesukordi. T\u00e4itematerjal: 30% vill, 70% pol\u00fcesterkiud<\/p>\n","protected":false},"featured_media":24108,"comment_status":"open","ping_status":"closed","template":"","meta":[],"product_brand":[],"product_cat":[17,194],"product_tag":[],"class_list":{"0":"post-24110","1":"product","2":"type-product","3":"status-publish","4":"has-post-thumbnail","6":"product_cat-madratsikatted","7":"product_cat-soft-wool-sari","9":"first","10":"instock","11":"taxable","12":"shipping-taxable","13":"purchasable","14":"product-type-variable"},"aioseo_notices":[],"_links":{"self":[{"href":"https:\/\/www.mivar-viva.ee\/e-pood\/wp-json\/wp\/v2\/product\/24110","targetHints":{"allow":["GET"]}}],"collection":[{"href":"https:\/\/www.mivar-viva.ee\/e-pood\/wp-json\/wp\/v2\/product"}],"about":[{"href":"https:\/\/www.mivar-viva.ee\/e-pood\/wp-json\/wp\/v2\/types\/product"}],"replies":[{"embeddable":true,"href":"https:\/\/www.mivar-viva.ee\/e-pood\/wp-json\/wp\/v2\/comments?post=24110"}],"wp:featuredmedia":[{"embeddable":true,"href":"https:\/\/www.mivar-viva.ee\/e-pood\/wp-json\/wp\/v2\/media\/24108"}],"wp:attachment":[{"href":"https:\/\/www.mivar-viva.ee\/e-pood\/wp-json\/wp\/v2\/media?parent=24110"}],"wp:term":[{"taxonomy":"product_brand","embeddable":true,"href":"https:\/\/www.mivar-viva.ee\/e-pood\/wp-json\/wp\/v2\/product_brand?post=24110"},{"taxonomy":"product_cat","embeddable":true,"href":"https:\/\/www.mivar-viva.ee\/e-pood\/wp-json\/wp\/v2\/product_cat?post=24110"},{"taxonomy":"product_tag","embeddable":true,"href":"https:\/\/www.mivar-viva.ee\/e-pood\/wp-json\/wp\/v2\/product_tag?post=24110"}],"curies":[{"name":"wp","href":"https:\/\/api.w.org\/{rel}","templated":true}]}}