{"id":24116,"date":"2019-11-07T16:03:50","date_gmt":"2019-11-07T14:03:50","guid":{"rendered":"http:\/\/www.mivar-viva.ee\/e-pood\/?post_type=product&#038;p=24116"},"modified":"2026-04-02T09:22:33","modified_gmt":"2026-04-02T06:22:33","slug":"soft-wool-vatiintekk-igaks-aastaajaks","status":"publish","type":"product","link":"https:\/\/www.mivar-viva.ee\/e-pood\/toode\/soft-wool-vatiintekk-igaks-aastaajaks\/","title":{"rendered":"Soft Wool vatiintekk igaks aastaajaks"},"content":{"rendered":"<p>See sulgpehme vatiint\u00e4idisega tekk hoiab teid talvel soojas ja pakub suvel loomulikku v\u00e4rskendust.Esmaklassiline soojusjuhtivus ja poorsus tagavad suurep\u00e4rase kohandumise erinevate temperatuuridega igal aastaajal, samas kui 100% mikrokiududest koosnev 200g\/m2 tihedusega kangas muudab teki kohevaks, kuid samas ka h\u00f5lpsasti kokku pakitavaks.<br \/>\nT\u00e4itematerjal: 30% villa, 70% pol\u00fcesterkiud<\/p>\n","protected":false},"excerpt":{"rendered":"<p>See sulgpehme vatiint\u00e4idisega tekk hoiab teid talvel soojas ja pakub suvel loomulikku v\u00e4rskendust.Esmaklassiline soojusjuhtivus ja poorsus tagavad suurep\u00e4rase kohandumise erinevate temperatuuridega igal aastaajal, samas kui 100% mikrokiududest koosnev 200g\/m2 tihedusega kangas muudab teki kohevaks, kuid samas ka h\u00f5lpsasti kokku pakitavaks. T\u00e4itematerjal: 30% villa, 70% pol\u00fcesterkiud<\/p>\n","protected":false},"featured_media":24117,"comment_status":"open","ping_status":"closed","template":"","meta":[],"product_brand":[],"product_cat":[194,15],"product_tag":[],"class_list":{"0":"post-24116","1":"product","2":"type-product","3":"status-publish","4":"has-post-thumbnail","6":"product_cat-soft-wool-sari","7":"product_cat-tekid","9":"first","10":"instock","11":"taxable","12":"shipping-taxable","13":"purchasable","14":"product-type-variable","15":"has-default-attributes"},"aioseo_notices":[],"_links":{"self":[{"href":"https:\/\/www.mivar-viva.ee\/e-pood\/wp-json\/wp\/v2\/product\/24116","targetHints":{"allow":["GET"]}}],"collection":[{"href":"https:\/\/www.mivar-viva.ee\/e-pood\/wp-json\/wp\/v2\/product"}],"about":[{"href":"https:\/\/www.mivar-viva.ee\/e-pood\/wp-json\/wp\/v2\/types\/product"}],"replies":[{"embeddable":true,"href":"https:\/\/www.mivar-viva.ee\/e-pood\/wp-json\/wp\/v2\/comments?post=24116"}],"wp:featuredmedia":[{"embeddable":true,"href":"https:\/\/www.mivar-viva.ee\/e-pood\/wp-json\/wp\/v2\/media\/24117"}],"wp:attachment":[{"href":"https:\/\/www.mivar-viva.ee\/e-pood\/wp-json\/wp\/v2\/media?parent=24116"}],"wp:term":[{"taxonomy":"product_brand","embeddable":true,"href":"https:\/\/www.mivar-viva.ee\/e-pood\/wp-json\/wp\/v2\/product_brand?post=24116"},{"taxonomy":"product_cat","embeddable":true,"href":"https:\/\/www.mivar-viva.ee\/e-pood\/wp-json\/wp\/v2\/product_cat?post=24116"},{"taxonomy":"product_tag","embeddable":true,"href":"https:\/\/www.mivar-viva.ee\/e-pood\/wp-json\/wp\/v2\/product_tag?post=24116"}],"curies":[{"name":"wp","href":"https:\/\/api.w.org\/{rel}","templated":true}]}}