{"id":24123,"date":"2019-11-07T16:41:33","date_gmt":"2019-11-07T14:41:33","guid":{"rendered":"http:\/\/www.mivar-viva.ee\/e-pood\/?post_type=product&#038;p=24123"},"modified":"2026-04-20T11:33:25","modified_gmt":"2026-04-20T08:33:25","slug":"soft-wool-tepitud-padi","status":"publish","type":"product","link":"https:\/\/www.mivar-viva.ee\/e-pood\/toode\/soft-wool-tepitud-padi\/","title":{"rendered":"Soft Wool tepitud padi"},"content":{"rendered":"<p>See \u00f5rn 100% mikrokiust padi on meie populaarsemaid tooteid.Padi on \u00f5rn teie naha vastu ja loob k\u00f5ik eeldused kosutavaks uneks. 600g\/m2 tihedusega kvaliteetne villat\u00e4idis aitab hoida padja kuju ja kergust ka p\u00e4rast mitmeid pesukordi.Sobib ideaalselt nii reisile kui ka kodus kasutamiseks.<br \/>\nT\u00e4itematerjal: 100% pol\u00fcesterkiud<br \/>\nTepitud pealismaterjal: 10% villa, 90% pol\u00fcesterkiud<\/p>\n","protected":false},"excerpt":{"rendered":"<p>See \u00f5rn 100% mikrokiust padi on meie populaarsemaid tooteid.Padi on \u00f5rn teie naha vastu ja loob k\u00f5ik eeldused kosutavaks uneks. 600g\/m2 tihedusega kvaliteetne villat\u00e4idis aitab hoida padja kuju ja kergust ka p\u00e4rast mitmeid pesukordi.Sobib ideaalselt nii reisile kui ka kodus kasutamiseks. T\u00e4itematerjal: 100% pol\u00fcesterkiud Tepitud pealismaterjal: 10% villa, 90% pol\u00fcesterkiud<\/p>\n","protected":false},"featured_media":24128,"comment_status":"open","ping_status":"closed","template":"","meta":[],"product_brand":[],"product_cat":[16,194],"product_tag":[],"class_list":{"0":"post-24123","1":"product","2":"type-product","3":"status-publish","4":"has-post-thumbnail","6":"product_cat-padjad","7":"product_cat-soft-wool-sari","9":"first","10":"instock","11":"taxable","12":"shipping-taxable","13":"purchasable","14":"product-type-variable"},"aioseo_notices":[],"_links":{"self":[{"href":"https:\/\/www.mivar-viva.ee\/e-pood\/wp-json\/wp\/v2\/product\/24123","targetHints":{"allow":["GET"]}}],"collection":[{"href":"https:\/\/www.mivar-viva.ee\/e-pood\/wp-json\/wp\/v2\/product"}],"about":[{"href":"https:\/\/www.mivar-viva.ee\/e-pood\/wp-json\/wp\/v2\/types\/product"}],"replies":[{"embeddable":true,"href":"https:\/\/www.mivar-viva.ee\/e-pood\/wp-json\/wp\/v2\/comments?post=24123"}],"wp:featuredmedia":[{"embeddable":true,"href":"https:\/\/www.mivar-viva.ee\/e-pood\/wp-json\/wp\/v2\/media\/24128"}],"wp:attachment":[{"href":"https:\/\/www.mivar-viva.ee\/e-pood\/wp-json\/wp\/v2\/media?parent=24123"}],"wp:term":[{"taxonomy":"product_brand","embeddable":true,"href":"https:\/\/www.mivar-viva.ee\/e-pood\/wp-json\/wp\/v2\/product_brand?post=24123"},{"taxonomy":"product_cat","embeddable":true,"href":"https:\/\/www.mivar-viva.ee\/e-pood\/wp-json\/wp\/v2\/product_cat?post=24123"},{"taxonomy":"product_tag","embeddable":true,"href":"https:\/\/www.mivar-viva.ee\/e-pood\/wp-json\/wp\/v2\/product_tag?post=24123"}],"curies":[{"name":"wp","href":"https:\/\/api.w.org\/{rel}","templated":true}]}}