{"id":24200,"date":"2020-02-20T10:32:28","date_gmt":"2020-02-20T08:32:28","guid":{"rendered":"http:\/\/www.mivar-viva.ee\/e-pood\/?post_type=product&#038;p=24200"},"modified":"2026-03-30T13:04:20","modified_gmt":"2026-03-30T10:04:20","slug":"valge-padi","status":"publish","type":"product","link":"https:\/\/www.mivar-viva.ee\/e-pood\/toode\/valge-padi\/","title":{"rendered":"Valge padi"},"content":{"rendered":"<p>M\u00f5nus pehme padi.<\/p>\n<p>Pealisriie: puuvill\/pol\u00fcester<\/p>\n<p>T\u00e4idis: 100% pol\u00fcesterkiudu<\/p>\n<p>Hooldus: Pesu 40 kraadi<\/p>\n","protected":false},"excerpt":{"rendered":"<p>M\u00f5nus pehme padi. Pealisriie: puuvill\/pol\u00fcester T\u00e4idis: 100% pol\u00fcesterkiudu Hooldus: Pesu 40 kraadi<\/p>\n","protected":false},"featured_media":28137,"comment_status":"open","ping_status":"closed","template":"","meta":[],"product_brand":[],"product_cat":[16],"product_tag":[],"class_list":{"0":"post-24200","1":"product","2":"type-product","3":"status-publish","4":"has-post-thumbnail","6":"product_cat-padjad","8":"first","9":"instock","10":"taxable","11":"shipping-taxable","12":"purchasable","13":"product-type-variable"},"aioseo_notices":[],"_links":{"self":[{"href":"https:\/\/www.mivar-viva.ee\/e-pood\/wp-json\/wp\/v2\/product\/24200","targetHints":{"allow":["GET"]}}],"collection":[{"href":"https:\/\/www.mivar-viva.ee\/e-pood\/wp-json\/wp\/v2\/product"}],"about":[{"href":"https:\/\/www.mivar-viva.ee\/e-pood\/wp-json\/wp\/v2\/types\/product"}],"replies":[{"embeddable":true,"href":"https:\/\/www.mivar-viva.ee\/e-pood\/wp-json\/wp\/v2\/comments?post=24200"}],"wp:featuredmedia":[{"embeddable":true,"href":"https:\/\/www.mivar-viva.ee\/e-pood\/wp-json\/wp\/v2\/media\/28137"}],"wp:attachment":[{"href":"https:\/\/www.mivar-viva.ee\/e-pood\/wp-json\/wp\/v2\/media?parent=24200"}],"wp:term":[{"taxonomy":"product_brand","embeddable":true,"href":"https:\/\/www.mivar-viva.ee\/e-pood\/wp-json\/wp\/v2\/product_brand?post=24200"},{"taxonomy":"product_cat","embeddable":true,"href":"https:\/\/www.mivar-viva.ee\/e-pood\/wp-json\/wp\/v2\/product_cat?post=24200"},{"taxonomy":"product_tag","embeddable":true,"href":"https:\/\/www.mivar-viva.ee\/e-pood\/wp-json\/wp\/v2\/product_tag?post=24200"}],"curies":[{"name":"wp","href":"https:\/\/api.w.org\/{rel}","templated":true}]}}