{"id":24211,"date":"2020-02-20T10:28:35","date_gmt":"2020-02-20T08:28:35","guid":{"rendered":"http:\/\/www.mivar-viva.ee\/e-pood\/?post_type=product&#038;p=24211"},"modified":"2026-03-16T14:16:44","modified_gmt":"2026-03-16T12:16:44","slug":"soodsad-tekid","status":"publish","type":"product","link":"https:\/\/www.mivar-viva.ee\/e-pood\/toode\/soodsad-tekid\/","title":{"rendered":"Soodsad tekid"},"content":{"rendered":"<p>Pehmed, kerged ja soojad B-valiku tekid. Nendel toodetel v\u00f5ib esineda defekte nagu n\u00e4iteks kanga \u00f5mblus tootel, ei ole p\u00e4ris t\u00e4pselt m\u00f5\u00f5dus, m\u00f5ni v\u00e4ike plekk jne. Pealisriie on puuvill\/pol\u00fcester v\u00f5i mikrofiiber. T\u00e4iteks pol\u00fcesterkiud. Hooldus: pesu 40 kraadi juures.<\/p>\n<p>&nbsp;<\/p>\n<p>&nbsp;<\/p>\n","protected":false},"excerpt":{"rendered":"<p>Pehmed, kerged ja soojad B-valiku tekid. Nendel toodetel v\u00f5ib esineda defekte nagu n\u00e4iteks kanga \u00f5mblus tootel, ei ole p\u00e4ris t\u00e4pselt m\u00f5\u00f5dus, m\u00f5ni v\u00e4ike plekk jne. Pealisriie on puuvill\/pol\u00fcester v\u00f5i mikrofiiber. T\u00e4iteks pol\u00fcesterkiud. Hooldus: pesu 40 kraadi juures. &nbsp; &nbsp;<\/p>\n","protected":false},"featured_media":28155,"comment_status":"open","ping_status":"closed","template":"","meta":[],"product_brand":[],"product_cat":[190,15],"product_tag":[],"class_list":{"0":"post-24211","1":"product","2":"type-product","3":"status-publish","4":"has-post-thumbnail","6":"product_cat-soodustooted","7":"product_cat-tekid","9":"first","10":"instock","11":"sale","12":"taxable","13":"shipping-taxable","14":"purchasable","15":"product-type-variable"},"aioseo_notices":[],"_links":{"self":[{"href":"https:\/\/www.mivar-viva.ee\/e-pood\/wp-json\/wp\/v2\/product\/24211","targetHints":{"allow":["GET"]}}],"collection":[{"href":"https:\/\/www.mivar-viva.ee\/e-pood\/wp-json\/wp\/v2\/product"}],"about":[{"href":"https:\/\/www.mivar-viva.ee\/e-pood\/wp-json\/wp\/v2\/types\/product"}],"replies":[{"embeddable":true,"href":"https:\/\/www.mivar-viva.ee\/e-pood\/wp-json\/wp\/v2\/comments?post=24211"}],"wp:featuredmedia":[{"embeddable":true,"href":"https:\/\/www.mivar-viva.ee\/e-pood\/wp-json\/wp\/v2\/media\/28155"}],"wp:attachment":[{"href":"https:\/\/www.mivar-viva.ee\/e-pood\/wp-json\/wp\/v2\/media?parent=24211"}],"wp:term":[{"taxonomy":"product_brand","embeddable":true,"href":"https:\/\/www.mivar-viva.ee\/e-pood\/wp-json\/wp\/v2\/product_brand?post=24211"},{"taxonomy":"product_cat","embeddable":true,"href":"https:\/\/www.mivar-viva.ee\/e-pood\/wp-json\/wp\/v2\/product_cat?post=24211"},{"taxonomy":"product_tag","embeddable":true,"href":"https:\/\/www.mivar-viva.ee\/e-pood\/wp-json\/wp\/v2\/product_tag?post=24211"}],"curies":[{"name":"wp","href":"https:\/\/api.w.org\/{rel}","templated":true}]}}