{"id":24366,"date":"2020-04-09T11:33:01","date_gmt":"2020-04-09T08:33:01","guid":{"rendered":"http:\/\/www.mivar-viva.ee\/e-pood\/?post_type=product&#038;p=24366"},"modified":"2026-04-20T11:33:25","modified_gmt":"2026-04-20T08:33:25","slug":"b-valiku-villatekid","status":"publish","type":"product","link":"https:\/\/www.mivar-viva.ee\/e-pood\/toode\/b-valiku-villatekid\/","title":{"rendered":"B-valiku villatekid"},"content":{"rendered":"<p>Tekk on Ecru kangast 100% Puuvill<\/p>\n<p>Lambavill on k\u00f5rge isolatsiooniv\u00f5imega, ta hoiab h\u00e4sti kehatemperatuuri ja on seega magamise ja puhkamise jaoks ideaalne.<\/p>\n<p>Teki pealisriie:\u00a0 puuvill<\/p>\n<p>T\u00e4idis:\u00a0100% lambavilla<\/p>\n<p>Hooldus: Keemiline puhastus<\/p>\n<p>Teping v\u00f5ib erineda pildil olevast<\/p>\n<p>B-valiku tekkidel v\u00f5ib esineda v\u00e4ikseid defekte, kanga\u00f5mblust ja nad v\u00f5ivad olla \u00f5hemad kui A-valiku tekid<\/p>\n","protected":false},"excerpt":{"rendered":"<p>Tekk on Ecru kangast 100% Puuvill Lambavill on k\u00f5rge isolatsiooniv\u00f5imega, ta hoiab h\u00e4sti kehatemperatuuri ja on seega magamise ja puhkamise jaoks ideaalne. Teki pealisriie:\u00a0 puuvill T\u00e4idis:\u00a0100% lambavilla Hooldus: Keemiline puhastus Teping v\u00f5ib erineda pildil olevast B-valiku tekkidel v\u00f5ib esineda v\u00e4ikseid defekte, kanga\u00f5mblust ja nad v\u00f5ivad olla \u00f5hemad kui A-valiku tekid<\/p>\n","protected":false},"featured_media":28144,"comment_status":"open","ping_status":"closed","template":"","meta":[],"product_brand":[],"product_cat":[15],"product_tag":[],"class_list":{"0":"post-24366","1":"product","2":"type-product","3":"status-publish","4":"has-post-thumbnail","6":"product_cat-tekid","8":"first","9":"instock","10":"taxable","11":"shipping-taxable","12":"purchasable","13":"product-type-variable","14":"has-default-attributes"},"aioseo_notices":[],"_links":{"self":[{"href":"https:\/\/www.mivar-viva.ee\/e-pood\/wp-json\/wp\/v2\/product\/24366","targetHints":{"allow":["GET"]}}],"collection":[{"href":"https:\/\/www.mivar-viva.ee\/e-pood\/wp-json\/wp\/v2\/product"}],"about":[{"href":"https:\/\/www.mivar-viva.ee\/e-pood\/wp-json\/wp\/v2\/types\/product"}],"replies":[{"embeddable":true,"href":"https:\/\/www.mivar-viva.ee\/e-pood\/wp-json\/wp\/v2\/comments?post=24366"}],"wp:featuredmedia":[{"embeddable":true,"href":"https:\/\/www.mivar-viva.ee\/e-pood\/wp-json\/wp\/v2\/media\/28144"}],"wp:attachment":[{"href":"https:\/\/www.mivar-viva.ee\/e-pood\/wp-json\/wp\/v2\/media?parent=24366"}],"wp:term":[{"taxonomy":"product_brand","embeddable":true,"href":"https:\/\/www.mivar-viva.ee\/e-pood\/wp-json\/wp\/v2\/product_brand?post=24366"},{"taxonomy":"product_cat","embeddable":true,"href":"https:\/\/www.mivar-viva.ee\/e-pood\/wp-json\/wp\/v2\/product_cat?post=24366"},{"taxonomy":"product_tag","embeddable":true,"href":"https:\/\/www.mivar-viva.ee\/e-pood\/wp-json\/wp\/v2\/product_tag?post=24366"}],"curies":[{"name":"wp","href":"https:\/\/api.w.org\/{rel}","templated":true}]}}