{"id":24575,"date":"2020-04-28T12:38:20","date_gmt":"2020-04-28T09:38:20","guid":{"rendered":"http:\/\/www.mivar-viva.ee\/e-pood\/?post_type=product&#038;p=24575"},"modified":"2026-03-23T10:39:56","modified_gmt":"2026-03-23T08:39:56","slug":"rullpadi-2","status":"publish","type":"product","link":"https:\/\/www.mivar-viva.ee\/e-pood\/toode\/rullpadi-2\/","title":{"rendered":"Rullpadi"},"content":{"rendered":"<p>Pealisriie: pol\u00fcester<\/p>\n<p>T\u00e4idis: pol\u00fcesterkiud<\/p>\n<p>m\u00f5\u00f5dud: 43x15cm<\/p>\n<p>Hooldus: k\u00e4sipesu 30 kraadi juures<\/p>\n","protected":false},"excerpt":{"rendered":"<p>Pealisriie: pol\u00fcester T\u00e4idis: pol\u00fcesterkiud m\u00f5\u00f5dud: 43x15cm Hooldus: k\u00e4sipesu 30 kraadi juures<\/p>\n","protected":false},"featured_media":28162,"comment_status":"open","ping_status":"closed","template":"","meta":[],"product_brand":[],"product_cat":[16],"product_tag":[],"class_list":{"0":"post-24575","1":"product","2":"type-product","3":"status-publish","4":"has-post-thumbnail","6":"product_cat-padjad","8":"first","9":"instock","10":"sale","11":"taxable","12":"shipping-taxable","13":"purchasable","14":"product-type-simple"},"aioseo_notices":[],"_links":{"self":[{"href":"https:\/\/www.mivar-viva.ee\/e-pood\/wp-json\/wp\/v2\/product\/24575","targetHints":{"allow":["GET"]}}],"collection":[{"href":"https:\/\/www.mivar-viva.ee\/e-pood\/wp-json\/wp\/v2\/product"}],"about":[{"href":"https:\/\/www.mivar-viva.ee\/e-pood\/wp-json\/wp\/v2\/types\/product"}],"replies":[{"embeddable":true,"href":"https:\/\/www.mivar-viva.ee\/e-pood\/wp-json\/wp\/v2\/comments?post=24575"}],"wp:featuredmedia":[{"embeddable":true,"href":"https:\/\/www.mivar-viva.ee\/e-pood\/wp-json\/wp\/v2\/media\/28162"}],"wp:attachment":[{"href":"https:\/\/www.mivar-viva.ee\/e-pood\/wp-json\/wp\/v2\/media?parent=24575"}],"wp:term":[{"taxonomy":"product_brand","embeddable":true,"href":"https:\/\/www.mivar-viva.ee\/e-pood\/wp-json\/wp\/v2\/product_brand?post=24575"},{"taxonomy":"product_cat","embeddable":true,"href":"https:\/\/www.mivar-viva.ee\/e-pood\/wp-json\/wp\/v2\/product_cat?post=24575"},{"taxonomy":"product_tag","embeddable":true,"href":"https:\/\/www.mivar-viva.ee\/e-pood\/wp-json\/wp\/v2\/product_tag?post=24575"}],"curies":[{"name":"wp","href":"https:\/\/api.w.org\/{rel}","templated":true}]}}