{"id":25721,"date":"2022-09-08T14:23:38","date_gmt":"2022-09-08T11:23:38","guid":{"rendered":"https:\/\/www.mivar-viva.ee\/e-pood\/?post_type=product&#038;p=25721"},"modified":"2026-04-08T13:01:54","modified_gmt":"2026-04-08T10:01:54","slug":"ruuduline-tekk","status":"publish","type":"product","link":"https:\/\/www.mivar-viva.ee\/e-pood\/toode\/ruuduline-tekk\/","title":{"rendered":"Ruuduline tekk"},"content":{"rendered":"<p>Pehme ja m\u00f5nus tekk m\u00f5\u00f5dus 140&#215;200 cm<\/p>\n<p>Pealisriie: 100% pol\u00fcester<\/p>\n<p>T\u00e4idis: 100% pol\u00fcester<\/p>\n","protected":false},"excerpt":{"rendered":"<p>Pehme ja m\u00f5nus tekk m\u00f5\u00f5dus 140&#215;200 cm Pealisriie: 100% pol\u00fcester T\u00e4idis: 100% pol\u00fcester<\/p>\n","protected":false},"featured_media":28111,"comment_status":"open","ping_status":"closed","template":"","meta":[],"product_brand":[],"product_cat":[190,15],"product_tag":[],"class_list":{"0":"post-25721","1":"product","2":"type-product","3":"status-publish","4":"has-post-thumbnail","6":"product_cat-soodustooted","7":"product_cat-tekid","9":"first","10":"instock","11":"sale","12":"taxable","13":"shipping-taxable","14":"purchasable","15":"product-type-simple"},"aioseo_notices":[],"_links":{"self":[{"href":"https:\/\/www.mivar-viva.ee\/e-pood\/wp-json\/wp\/v2\/product\/25721","targetHints":{"allow":["GET"]}}],"collection":[{"href":"https:\/\/www.mivar-viva.ee\/e-pood\/wp-json\/wp\/v2\/product"}],"about":[{"href":"https:\/\/www.mivar-viva.ee\/e-pood\/wp-json\/wp\/v2\/types\/product"}],"replies":[{"embeddable":true,"href":"https:\/\/www.mivar-viva.ee\/e-pood\/wp-json\/wp\/v2\/comments?post=25721"}],"wp:featuredmedia":[{"embeddable":true,"href":"https:\/\/www.mivar-viva.ee\/e-pood\/wp-json\/wp\/v2\/media\/28111"}],"wp:attachment":[{"href":"https:\/\/www.mivar-viva.ee\/e-pood\/wp-json\/wp\/v2\/media?parent=25721"}],"wp:term":[{"taxonomy":"product_brand","embeddable":true,"href":"https:\/\/www.mivar-viva.ee\/e-pood\/wp-json\/wp\/v2\/product_brand?post=25721"},{"taxonomy":"product_cat","embeddable":true,"href":"https:\/\/www.mivar-viva.ee\/e-pood\/wp-json\/wp\/v2\/product_cat?post=25721"},{"taxonomy":"product_tag","embeddable":true,"href":"https:\/\/www.mivar-viva.ee\/e-pood\/wp-json\/wp\/v2\/product_tag?post=25721"}],"curies":[{"name":"wp","href":"https:\/\/api.w.org\/{rel}","templated":true}]}}