{"id":2618,"date":"2014-11-25T14:22:31","date_gmt":"2014-11-25T12:22:31","guid":{"rendered":"http:\/\/www.www.mivar-viva.ee\/?post_type=product&#038;p=2618"},"modified":"2026-02-10T13:44:25","modified_gmt":"2026-02-10T11:44:25","slug":"valge-tekk-hobeda-kaunistusega","status":"publish","type":"product","link":"https:\/\/www.mivar-viva.ee\/e-pood\/toode\/valge-tekk-hobeda-kaunistusega\/","title":{"rendered":"valge tekk h\u00f5beda kaunistusega"},"content":{"rendered":"<p>Tekk on pehme ja m\u00f5nus, h\u00f5beda kaunistusega.<br \/>\nTeki pealisriie: pol\u00fcester (mikrofiiber)<br \/>\nT\u00e4idis: pol\u00fcesterkiud<br \/>\nHooldus:Pesu 40 kraadi juures<\/p>\n","protected":false},"excerpt":{"rendered":"<p>Tekk on pehme ja m\u00f5nus, h\u00f5beda kaunistusega. Teki pealisriie: pol\u00fcester (mikrofiiber) T\u00e4idis: pol\u00fcesterkiud Hooldus:Pesu 40 kraadi juures<\/p>\n","protected":false},"featured_media":28134,"comment_status":"closed","ping_status":"closed","template":"","meta":[],"product_brand":[],"product_cat":[15],"product_tag":[],"class_list":{"0":"post-2618","1":"product","2":"type-product","3":"status-publish","4":"has-post-thumbnail","6":"product_cat-tekid","8":"first","9":"instock","10":"taxable","11":"shipping-taxable","12":"purchasable","13":"product-type-variable"},"aioseo_notices":[],"_links":{"self":[{"href":"https:\/\/www.mivar-viva.ee\/e-pood\/wp-json\/wp\/v2\/product\/2618","targetHints":{"allow":["GET"]}}],"collection":[{"href":"https:\/\/www.mivar-viva.ee\/e-pood\/wp-json\/wp\/v2\/product"}],"about":[{"href":"https:\/\/www.mivar-viva.ee\/e-pood\/wp-json\/wp\/v2\/types\/product"}],"replies":[{"embeddable":true,"href":"https:\/\/www.mivar-viva.ee\/e-pood\/wp-json\/wp\/v2\/comments?post=2618"}],"wp:featuredmedia":[{"embeddable":true,"href":"https:\/\/www.mivar-viva.ee\/e-pood\/wp-json\/wp\/v2\/media\/28134"}],"wp:attachment":[{"href":"https:\/\/www.mivar-viva.ee\/e-pood\/wp-json\/wp\/v2\/media?parent=2618"}],"wp:term":[{"taxonomy":"product_brand","embeddable":true,"href":"https:\/\/www.mivar-viva.ee\/e-pood\/wp-json\/wp\/v2\/product_brand?post=2618"},{"taxonomy":"product_cat","embeddable":true,"href":"https:\/\/www.mivar-viva.ee\/e-pood\/wp-json\/wp\/v2\/product_cat?post=2618"},{"taxonomy":"product_tag","embeddable":true,"href":"https:\/\/www.mivar-viva.ee\/e-pood\/wp-json\/wp\/v2\/product_tag?post=2618"}],"curies":[{"name":"wp","href":"https:\/\/api.w.org\/{rel}","templated":true}]}}