{"id":26571,"date":"2024-08-27T10:06:22","date_gmt":"2024-08-27T07:06:22","guid":{"rendered":"https:\/\/www.mivar-viva.ee\/e-pood\/?post_type=product&#038;p=26571"},"modified":"2026-04-20T11:32:14","modified_gmt":"2026-04-20T08:32:14","slug":"kirjud-padjad","status":"publish","type":"product","link":"https:\/\/www.mivar-viva.ee\/e-pood\/toode\/kirjud-padjad\/","title":{"rendered":"Kirju padi"},"content":{"rendered":"<p>Pealisriie:\u00a0 puuvill 48% \/pol\u00fcester 52%<\/p>\n<p>T\u00e4idis: 100% pol\u00fcestrit<\/p>\n<p>Hooldus: pesu 40 kraadi<\/p>\n<p>Pealisriie v\u00f5ib erineda pildil olevast. Valik juhuslik.<\/p>\n","protected":false},"excerpt":{"rendered":"<p>Pealisriie:\u00a0 puuvill 48% \/pol\u00fcester 52% T\u00e4idis: 100% pol\u00fcestrit Hooldus: pesu 40 kraadi Pealisriie v\u00f5ib erineda pildil olevast. Valik juhuslik.<\/p>\n","protected":false},"featured_media":26574,"comment_status":"open","ping_status":"closed","template":"","meta":[],"product_brand":[],"product_cat":[16],"product_tag":[],"class_list":{"0":"post-26571","1":"product","2":"type-product","3":"status-publish","4":"has-post-thumbnail","6":"product_cat-padjad","8":"first","9":"instock","10":"taxable","11":"shipping-taxable","12":"purchasable","13":"product-type-variable"},"aioseo_notices":[],"_links":{"self":[{"href":"https:\/\/www.mivar-viva.ee\/e-pood\/wp-json\/wp\/v2\/product\/26571","targetHints":{"allow":["GET"]}}],"collection":[{"href":"https:\/\/www.mivar-viva.ee\/e-pood\/wp-json\/wp\/v2\/product"}],"about":[{"href":"https:\/\/www.mivar-viva.ee\/e-pood\/wp-json\/wp\/v2\/types\/product"}],"replies":[{"embeddable":true,"href":"https:\/\/www.mivar-viva.ee\/e-pood\/wp-json\/wp\/v2\/comments?post=26571"}],"wp:featuredmedia":[{"embeddable":true,"href":"https:\/\/www.mivar-viva.ee\/e-pood\/wp-json\/wp\/v2\/media\/26574"}],"wp:attachment":[{"href":"https:\/\/www.mivar-viva.ee\/e-pood\/wp-json\/wp\/v2\/media?parent=26571"}],"wp:term":[{"taxonomy":"product_brand","embeddable":true,"href":"https:\/\/www.mivar-viva.ee\/e-pood\/wp-json\/wp\/v2\/product_brand?post=26571"},{"taxonomy":"product_cat","embeddable":true,"href":"https:\/\/www.mivar-viva.ee\/e-pood\/wp-json\/wp\/v2\/product_cat?post=26571"},{"taxonomy":"product_tag","embeddable":true,"href":"https:\/\/www.mivar-viva.ee\/e-pood\/wp-json\/wp\/v2\/product_tag?post=26571"}],"curies":[{"name":"wp","href":"https:\/\/api.w.org\/{rel}","templated":true}]}}