{"id":27046,"date":"2025-08-22T09:18:29","date_gmt":"2025-08-22T06:18:29","guid":{"rendered":"https:\/\/www.mivar-viva.ee\/e-pood\/?post_type=product&#038;p=27046"},"modified":"2026-04-08T13:01:54","modified_gmt":"2026-04-08T10:01:54","slug":"varvilised-padjad-50x60","status":"publish","type":"product","link":"https:\/\/www.mivar-viva.ee\/e-pood\/toode\/varvilised-padjad-50x60\/","title":{"rendered":"V\u00e4rvilised Padjad 50&#215;60"},"content":{"rendered":"<p>V\u00e4rvilised padjad 50&#215;60. Kangas on pol\u00fcester ja t\u00e4idiseks on 500g pol\u00fcesterkiudu.<\/p>\n<p>NB! V\u00e4rvid v\u00f5ivad natuke erineda.<\/p>\n","protected":false},"excerpt":{"rendered":"<p>V\u00e4rvilised padjad 50&#215;60. Kangas on pol\u00fcester ja t\u00e4idiseks on 500g pol\u00fcesterkiudu. NB! V\u00e4rvid v\u00f5ivad natuke erineda.<\/p>\n","protected":false},"featured_media":28125,"comment_status":"open","ping_status":"closed","template":"","meta":[],"product_brand":[],"product_cat":[16],"product_tag":[],"class_list":{"0":"post-27046","1":"product","2":"type-product","3":"status-publish","4":"has-post-thumbnail","6":"product_cat-padjad","8":"first","9":"instock","10":"sale","11":"taxable","12":"shipping-taxable","13":"purchasable","14":"product-type-variable"},"aioseo_notices":[],"_links":{"self":[{"href":"https:\/\/www.mivar-viva.ee\/e-pood\/wp-json\/wp\/v2\/product\/27046","targetHints":{"allow":["GET"]}}],"collection":[{"href":"https:\/\/www.mivar-viva.ee\/e-pood\/wp-json\/wp\/v2\/product"}],"about":[{"href":"https:\/\/www.mivar-viva.ee\/e-pood\/wp-json\/wp\/v2\/types\/product"}],"replies":[{"embeddable":true,"href":"https:\/\/www.mivar-viva.ee\/e-pood\/wp-json\/wp\/v2\/comments?post=27046"}],"wp:featuredmedia":[{"embeddable":true,"href":"https:\/\/www.mivar-viva.ee\/e-pood\/wp-json\/wp\/v2\/media\/28125"}],"wp:attachment":[{"href":"https:\/\/www.mivar-viva.ee\/e-pood\/wp-json\/wp\/v2\/media?parent=27046"}],"wp:term":[{"taxonomy":"product_brand","embeddable":true,"href":"https:\/\/www.mivar-viva.ee\/e-pood\/wp-json\/wp\/v2\/product_brand?post=27046"},{"taxonomy":"product_cat","embeddable":true,"href":"https:\/\/www.mivar-viva.ee\/e-pood\/wp-json\/wp\/v2\/product_cat?post=27046"},{"taxonomy":"product_tag","embeddable":true,"href":"https:\/\/www.mivar-viva.ee\/e-pood\/wp-json\/wp\/v2\/product_tag?post=27046"}],"curies":[{"name":"wp","href":"https:\/\/api.w.org\/{rel}","templated":true}]}}