{"id":27174,"date":"2025-11-21T08:30:56","date_gmt":"2025-11-21T06:30:56","guid":{"rendered":"https:\/\/www.mivar-viva.ee\/e-pood\/?post_type=product&#038;p=27174"},"modified":"2026-02-10T14:35:19","modified_gmt":"2026-02-10T12:35:19","slug":"padi-noorkandiga-50x60","status":"publish","type":"product","link":"https:\/\/www.mivar-viva.ee\/e-pood\/toode\/padi-noorkandiga-50x60\/","title":{"rendered":"Padi N\u00f6\u00f6rkandiga 50&#215;60"},"content":{"rendered":"<p>&nbsp;<\/p>\n<p>Kangas: 100% Pol\u00fcester<\/p>\n<p>T\u00e4idis: 100% Pol\u00fcester 500g<\/p>\n<p>Hooldus: Pesu 40 kraadiga<\/p>\n","protected":false},"excerpt":{"rendered":"<p>&nbsp; Kangas: 100% Pol\u00fcester T\u00e4idis: 100% Pol\u00fcester 500g Hooldus: Pesu 40 kraadiga<\/p>\n","protected":false},"featured_media":28138,"comment_status":"open","ping_status":"closed","template":"","meta":[],"product_brand":[],"product_cat":[16],"product_tag":[],"class_list":{"0":"post-27174","1":"product","2":"type-product","3":"status-publish","4":"has-post-thumbnail","6":"product_cat-padjad","8":"first","9":"instock","10":"taxable","11":"shipping-taxable","12":"purchasable","13":"product-type-simple"},"aioseo_notices":[],"_links":{"self":[{"href":"https:\/\/www.mivar-viva.ee\/e-pood\/wp-json\/wp\/v2\/product\/27174","targetHints":{"allow":["GET"]}}],"collection":[{"href":"https:\/\/www.mivar-viva.ee\/e-pood\/wp-json\/wp\/v2\/product"}],"about":[{"href":"https:\/\/www.mivar-viva.ee\/e-pood\/wp-json\/wp\/v2\/types\/product"}],"replies":[{"embeddable":true,"href":"https:\/\/www.mivar-viva.ee\/e-pood\/wp-json\/wp\/v2\/comments?post=27174"}],"wp:featuredmedia":[{"embeddable":true,"href":"https:\/\/www.mivar-viva.ee\/e-pood\/wp-json\/wp\/v2\/media\/28138"}],"wp:attachment":[{"href":"https:\/\/www.mivar-viva.ee\/e-pood\/wp-json\/wp\/v2\/media?parent=27174"}],"wp:term":[{"taxonomy":"product_brand","embeddable":true,"href":"https:\/\/www.mivar-viva.ee\/e-pood\/wp-json\/wp\/v2\/product_brand?post=27174"},{"taxonomy":"product_cat","embeddable":true,"href":"https:\/\/www.mivar-viva.ee\/e-pood\/wp-json\/wp\/v2\/product_cat?post=27174"},{"taxonomy":"product_tag","embeddable":true,"href":"https:\/\/www.mivar-viva.ee\/e-pood\/wp-json\/wp\/v2\/product_tag?post=27174"}],"curies":[{"name":"wp","href":"https:\/\/api.w.org\/{rel}","templated":true}]}}