{"id":28098,"date":"2026-02-05T16:02:54","date_gmt":"2026-02-05T14:02:54","guid":{"rendered":"https:\/\/www.mivar-viva.ee\/e-pood\/?post_type=product&#038;p=28098"},"modified":"2026-03-09T18:50:49","modified_gmt":"2026-03-09T16:50:49","slug":"duotekid-b-valik","status":"publish","type":"product","link":"https:\/\/www.mivar-viva.ee\/e-pood\/toode\/duotekid-b-valik\/","title":{"rendered":"Duotekid B-valik"},"content":{"rendered":"<p>Tekk valmistatakse kahest detailist mis on \u00e4\u00e4ristatud kandiga. Kahe detaili vaheline ruum lisab tekile \u00f5hulisust ja s\u00e4ilitab soojust.<\/p>\n<p>B-valik t\u00e4hendab, et nendel toodetel v\u00f5ib esineda defekte nagu n\u00e4iteks kanga \u00f5mblus tootel, ei ole p\u00e4ris t\u00e4pselt m\u00f5\u00f5dus, m\u00f5ni v\u00e4ike plekk jne.<\/p>\n<p>T\u00e4idis: 100% Pol\u00fcester<\/p>\n<p>Hooldus: 40 kraadiga pesu<\/p>\n","protected":false},"excerpt":{"rendered":"<p>Tekk valmistatakse kahest detailist mis on \u00e4\u00e4ristatud kandiga. Kahe detaili vaheline ruum lisab tekile \u00f5hulisust ja s\u00e4ilitab soojust. B-valik t\u00e4hendab, et nendel toodetel v\u00f5ib esineda defekte nagu n\u00e4iteks kanga \u00f5mblus tootel, ei ole p\u00e4ris t\u00e4pselt m\u00f5\u00f5dus, m\u00f5ni v\u00e4ike plekk jne. T\u00e4idis: 100% Pol\u00fcester Hooldus: 40 kraadiga pesu<\/p>\n","protected":false},"featured_media":28142,"comment_status":"open","ping_status":"closed","template":"","meta":[],"product_brand":[],"product_cat":[15],"product_tag":[],"class_list":{"0":"post-28098","1":"product","2":"type-product","3":"status-publish","4":"has-post-thumbnail","6":"product_cat-tekid","8":"first","9":"instock","10":"taxable","11":"shipping-taxable","12":"purchasable","13":"product-type-variable"},"aioseo_notices":[],"_links":{"self":[{"href":"https:\/\/www.mivar-viva.ee\/e-pood\/wp-json\/wp\/v2\/product\/28098","targetHints":{"allow":["GET"]}}],"collection":[{"href":"https:\/\/www.mivar-viva.ee\/e-pood\/wp-json\/wp\/v2\/product"}],"about":[{"href":"https:\/\/www.mivar-viva.ee\/e-pood\/wp-json\/wp\/v2\/types\/product"}],"replies":[{"embeddable":true,"href":"https:\/\/www.mivar-viva.ee\/e-pood\/wp-json\/wp\/v2\/comments?post=28098"}],"wp:featuredmedia":[{"embeddable":true,"href":"https:\/\/www.mivar-viva.ee\/e-pood\/wp-json\/wp\/v2\/media\/28142"}],"wp:attachment":[{"href":"https:\/\/www.mivar-viva.ee\/e-pood\/wp-json\/wp\/v2\/media?parent=28098"}],"wp:term":[{"taxonomy":"product_brand","embeddable":true,"href":"https:\/\/www.mivar-viva.ee\/e-pood\/wp-json\/wp\/v2\/product_brand?post=28098"},{"taxonomy":"product_cat","embeddable":true,"href":"https:\/\/www.mivar-viva.ee\/e-pood\/wp-json\/wp\/v2\/product_cat?post=28098"},{"taxonomy":"product_tag","embeddable":true,"href":"https:\/\/www.mivar-viva.ee\/e-pood\/wp-json\/wp\/v2\/product_tag?post=28098"}],"curies":[{"name":"wp","href":"https:\/\/api.w.org\/{rel}","templated":true}]}}