{"id":28163,"date":"2026-02-12T09:55:57","date_gmt":"2026-02-12T07:55:57","guid":{"rendered":"https:\/\/www.mivar-viva.ee\/e-pood\/?post_type=product&#038;p=28163"},"modified":"2026-02-12T15:33:20","modified_gmt":"2026-02-12T13:33:20","slug":"tepitud-padja-komplekt-50x50","status":"publish","type":"product","link":"https:\/\/www.mivar-viva.ee\/e-pood\/toode\/tepitud-padja-komplekt-50x50\/","title":{"rendered":"Tepitud padja komplekt 50&#215;50"},"content":{"rendered":"<p>&nbsp;<\/p>\n<p>T\u00e4idis: 350g Pol\u00fcester<\/p>\n<p>Padja pealisriie: pol\u00fcester mikrofiiber<\/p>\n<p>Hooldus: Pesu 40 kraadi juures v\u00f5i keemiline puhastus<\/p>\n","protected":false},"excerpt":{"rendered":"<p>&nbsp; T\u00e4idis: 350g Pol\u00fcester Padja pealisriie: pol\u00fcester mikrofiiber Hooldus: Pesu 40 kraadi juures v\u00f5i keemiline puhastus<\/p>\n","protected":false},"featured_media":28164,"comment_status":"closed","ping_status":"closed","template":"","meta":[],"product_brand":[],"product_cat":[19,16],"product_tag":[],"class_list":{"0":"post-28163","1":"product","2":"type-product","3":"status-publish","4":"has-post-thumbnail","6":"product_cat-komplektid","7":"product_cat-padjad","9":"first","10":"instock","11":"taxable","12":"shipping-taxable","13":"purchasable","14":"product-type-simple"},"aioseo_notices":[],"_links":{"self":[{"href":"https:\/\/www.mivar-viva.ee\/e-pood\/wp-json\/wp\/v2\/product\/28163","targetHints":{"allow":["GET"]}}],"collection":[{"href":"https:\/\/www.mivar-viva.ee\/e-pood\/wp-json\/wp\/v2\/product"}],"about":[{"href":"https:\/\/www.mivar-viva.ee\/e-pood\/wp-json\/wp\/v2\/types\/product"}],"replies":[{"embeddable":true,"href":"https:\/\/www.mivar-viva.ee\/e-pood\/wp-json\/wp\/v2\/comments?post=28163"}],"wp:featuredmedia":[{"embeddable":true,"href":"https:\/\/www.mivar-viva.ee\/e-pood\/wp-json\/wp\/v2\/media\/28164"}],"wp:attachment":[{"href":"https:\/\/www.mivar-viva.ee\/e-pood\/wp-json\/wp\/v2\/media?parent=28163"}],"wp:term":[{"taxonomy":"product_brand","embeddable":true,"href":"https:\/\/www.mivar-viva.ee\/e-pood\/wp-json\/wp\/v2\/product_brand?post=28163"},{"taxonomy":"product_cat","embeddable":true,"href":"https:\/\/www.mivar-viva.ee\/e-pood\/wp-json\/wp\/v2\/product_cat?post=28163"},{"taxonomy":"product_tag","embeddable":true,"href":"https:\/\/www.mivar-viva.ee\/e-pood\/wp-json\/wp\/v2\/product_tag?post=28163"}],"curies":[{"name":"wp","href":"https:\/\/api.w.org\/{rel}","templated":true}]}}