{"id":28221,"date":"2026-03-25T15:42:16","date_gmt":"2026-03-25T13:42:16","guid":{"rendered":"https:\/\/www.mivar-viva.ee\/e-pood\/?post_type=product&#038;p=28221"},"modified":"2026-03-26T10:45:23","modified_gmt":"2026-03-26T08:45:23","slug":"antibakteriaalne-tekk","status":"publish","type":"product","link":"https:\/\/www.mivar-viva.ee\/e-pood\/toode\/antibakteriaalne-tekk\/","title":{"rendered":"Antibakteriaalne tekk"},"content":{"rendered":"<ul>\n<li data-section-id=\"znx0vh\" data-start=\"467\" data-end=\"514\"><strong data-start=\"469\" data-end=\"486\">Pealiskangas:<\/strong> mikrofiiber<\/li>\n<li data-section-id=\"pjb83s\" data-start=\"515\" data-end=\"549\"><strong data-start=\"517\" data-end=\"528\">T\u00e4idis:<\/strong> 100% pol\u00fcesterkiud<\/li>\n<li data-section-id=\"1g28ql0\" data-start=\"550\" data-end=\"597\"><strong data-start=\"552\" data-end=\"561\">Kaal:<\/strong> 220&#215;240 450 g\/m\u00b2 \u2013 m\u00f5nusalt paks ja kohev \/ 200&#215;200 350g\/m2<\/li>\n<li data-section-id=\"1cbmjy5\" data-start=\"598\" data-end=\"641\"><strong data-start=\"600\" data-end=\"620\">Hea soojapidavus<\/strong>, kuid samas hingav<\/li>\n<li data-section-id=\"cla7qp\" data-start=\"642\" data-end=\"673\"><strong data-start=\"644\" data-end=\"671\">Kerge ja mugav hooldada<\/strong><\/li>\n<li data-section-id=\"17zoooz\" data-start=\"674\" data-end=\"701\"><strong>Antibakteriaalne<\/strong><\/li>\n<\/ul>\n<p>Mikrofiiber kangas annab tekile siidiselt pehme tunde, samal ajal kui pol\u00fcestert\u00e4idis hoiab kuju ja kohevuse ka p\u00e4rast korduvaid pesusid. Tekk ei vaju kokku ning s\u00e4ilitab oma kuju ja kohevuse<strong data-start=\"907\" data-end=\"953\">.<\/strong><\/p>\n","protected":false},"excerpt":{"rendered":"<p>Pealiskangas: mikrofiiber T\u00e4idis: 100% pol\u00fcesterkiud Kaal: 220&#215;240 450 g\/m\u00b2 \u2013 m\u00f5nusalt paks ja kohev \/ 200&#215;200 350g\/m2 Hea soojapidavus, kuid samas hingav Kerge ja mugav hooldada Antibakteriaalne Mikrofiiber kangas annab tekile siidiselt pehme tunde, samal ajal kui pol\u00fcestert\u00e4idis hoiab kuju ja kohevuse ka p\u00e4rast korduvaid pesusid. Tekk ei vaju kokku ning s\u00e4ilitab oma kuju ja [&hellip;]<\/p>\n","protected":false},"featured_media":28222,"comment_status":"closed","ping_status":"closed","template":"","meta":[],"product_brand":[],"product_cat":[15],"product_tag":[],"class_list":{"0":"post-28221","1":"product","2":"type-product","3":"status-publish","4":"has-post-thumbnail","6":"product_cat-tekid","8":"first","9":"instock","10":"taxable","11":"shipping-taxable","12":"purchasable","13":"product-type-variable"},"aioseo_notices":[],"_links":{"self":[{"href":"https:\/\/www.mivar-viva.ee\/e-pood\/wp-json\/wp\/v2\/product\/28221","targetHints":{"allow":["GET"]}}],"collection":[{"href":"https:\/\/www.mivar-viva.ee\/e-pood\/wp-json\/wp\/v2\/product"}],"about":[{"href":"https:\/\/www.mivar-viva.ee\/e-pood\/wp-json\/wp\/v2\/types\/product"}],"replies":[{"embeddable":true,"href":"https:\/\/www.mivar-viva.ee\/e-pood\/wp-json\/wp\/v2\/comments?post=28221"}],"wp:featuredmedia":[{"embeddable":true,"href":"https:\/\/www.mivar-viva.ee\/e-pood\/wp-json\/wp\/v2\/media\/28222"}],"wp:attachment":[{"href":"https:\/\/www.mivar-viva.ee\/e-pood\/wp-json\/wp\/v2\/media?parent=28221"}],"wp:term":[{"taxonomy":"product_brand","embeddable":true,"href":"https:\/\/www.mivar-viva.ee\/e-pood\/wp-json\/wp\/v2\/product_brand?post=28221"},{"taxonomy":"product_cat","embeddable":true,"href":"https:\/\/www.mivar-viva.ee\/e-pood\/wp-json\/wp\/v2\/product_cat?post=28221"},{"taxonomy":"product_tag","embeddable":true,"href":"https:\/\/www.mivar-viva.ee\/e-pood\/wp-json\/wp\/v2\/product_tag?post=28221"}],"curies":[{"name":"wp","href":"https:\/\/api.w.org\/{rel}","templated":true}]}}