{"id":795,"date":"2014-07-31T07:02:36","date_gmt":"2014-07-31T07:02:36","guid":{"rendered":"http:\/\/www.www.mivar-viva.ee\/?post_type=product&#038;p=795"},"modified":"2026-04-30T06:21:30","modified_gmt":"2026-04-30T03:21:30","slug":"mikrokiudpadi","status":"publish","type":"product","link":"https:\/\/www.mivar-viva.ee\/e-pood\/toode\/mikrokiudpadi\/","title":{"rendered":"Mikrokiudpadjad"},"content":{"rendered":"<p>Koostis:\u00a0 Pealisriie 100% puuvilla<\/p>\n<p>T\u00e4iteks seest \u00f5\u00f5nsad mikrokiud (geelkiud)<\/p>\n<p>V\u00e4ga kerge ja kohev \u2013 sarnane udusulele.<\/p>\n<p>S\u00e4ilitab h\u00e4sti oma kuju ja kohevuse.<\/p>\n<p>Hooldus: Pesu 40 kraadi juures v\u00f5i keemiline puhastus<\/p>\n<p>&nbsp;<\/p>\n<p>&nbsp;<\/p>\n<p>&nbsp;<\/p>\n","protected":false},"excerpt":{"rendered":"<p>Koostis:\u00a0 Pealisriie 100% puuvilla T\u00e4iteks seest \u00f5\u00f5nsad mikrokiud (geelkiud) V\u00e4ga kerge ja kohev \u2013 sarnane udusulele. S\u00e4ilitab h\u00e4sti oma kuju ja kohevuse. Hooldus: Pesu 40 kraadi juures v\u00f5i keemiline puhastus &nbsp; &nbsp; &nbsp;<\/p>\n","protected":false},"featured_media":28141,"comment_status":"closed","ping_status":"closed","template":"","meta":[],"product_brand":[],"product_cat":[16],"product_tag":[],"class_list":{"0":"post-795","1":"product","2":"type-product","3":"status-publish","4":"has-post-thumbnail","6":"product_cat-padjad","8":"first","9":"instock","10":"taxable","11":"shipping-taxable","12":"purchasable","13":"product-type-variable"},"aioseo_notices":[],"_links":{"self":[{"href":"https:\/\/www.mivar-viva.ee\/e-pood\/wp-json\/wp\/v2\/product\/795","targetHints":{"allow":["GET"]}}],"collection":[{"href":"https:\/\/www.mivar-viva.ee\/e-pood\/wp-json\/wp\/v2\/product"}],"about":[{"href":"https:\/\/www.mivar-viva.ee\/e-pood\/wp-json\/wp\/v2\/types\/product"}],"replies":[{"embeddable":true,"href":"https:\/\/www.mivar-viva.ee\/e-pood\/wp-json\/wp\/v2\/comments?post=795"}],"wp:featuredmedia":[{"embeddable":true,"href":"https:\/\/www.mivar-viva.ee\/e-pood\/wp-json\/wp\/v2\/media\/28141"}],"wp:attachment":[{"href":"https:\/\/www.mivar-viva.ee\/e-pood\/wp-json\/wp\/v2\/media?parent=795"}],"wp:term":[{"taxonomy":"product_brand","embeddable":true,"href":"https:\/\/www.mivar-viva.ee\/e-pood\/wp-json\/wp\/v2\/product_brand?post=795"},{"taxonomy":"product_cat","embeddable":true,"href":"https:\/\/www.mivar-viva.ee\/e-pood\/wp-json\/wp\/v2\/product_cat?post=795"},{"taxonomy":"product_tag","embeddable":true,"href":"https:\/\/www.mivar-viva.ee\/e-pood\/wp-json\/wp\/v2\/product_tag?post=795"}],"curies":[{"name":"wp","href":"https:\/\/api.w.org\/{rel}","templated":true}]}}