{"id":812,"date":"2014-07-31T11:02:08","date_gmt":"2014-07-31T11:02:08","guid":{"rendered":"http:\/\/www.www.mivar-viva.ee\/?post_type=product&#038;p=812"},"modified":"2026-03-03T16:23:01","modified_gmt":"2026-03-03T14:23:01","slug":"karvastatud-lambavillapadi-2","status":"publish","type":"product","link":"https:\/\/www.mivar-viva.ee\/e-pood\/toode\/karvastatud-lambavillapadi-2\/","title":{"rendered":"Karvastatud lambavillapadjad"},"content":{"rendered":"<p>Koostis: T\u00e4iteks pol\u00fcesterkiud<\/p>\n<p>Pealisriie karvastatud lambavillakangas<\/p>\n<p>Hooldus: K\u00e4sipesu 30 kraadi juures v\u00f5i keemiline puhastus<\/p>\n","protected":false},"excerpt":{"rendered":"<p>Koostis: T\u00e4iteks pol\u00fcesterkiud Pealisriie karvastatud lambavillakangas Hooldus: K\u00e4sipesu 30 kraadi juures v\u00f5i keemiline puhastus<\/p>\n","protected":false},"featured_media":28161,"comment_status":"closed","ping_status":"closed","template":"","meta":[],"product_brand":[],"product_cat":[16],"product_tag":[],"class_list":{"0":"post-812","1":"product","2":"type-product","3":"status-publish","4":"has-post-thumbnail","6":"product_cat-padjad","8":"first","9":"instock","10":"taxable","11":"shipping-taxable","12":"purchasable","13":"product-type-variable"},"aioseo_notices":[],"_links":{"self":[{"href":"https:\/\/www.mivar-viva.ee\/e-pood\/wp-json\/wp\/v2\/product\/812","targetHints":{"allow":["GET"]}}],"collection":[{"href":"https:\/\/www.mivar-viva.ee\/e-pood\/wp-json\/wp\/v2\/product"}],"about":[{"href":"https:\/\/www.mivar-viva.ee\/e-pood\/wp-json\/wp\/v2\/types\/product"}],"replies":[{"embeddable":true,"href":"https:\/\/www.mivar-viva.ee\/e-pood\/wp-json\/wp\/v2\/comments?post=812"}],"wp:featuredmedia":[{"embeddable":true,"href":"https:\/\/www.mivar-viva.ee\/e-pood\/wp-json\/wp\/v2\/media\/28161"}],"wp:attachment":[{"href":"https:\/\/www.mivar-viva.ee\/e-pood\/wp-json\/wp\/v2\/media?parent=812"}],"wp:term":[{"taxonomy":"product_brand","embeddable":true,"href":"https:\/\/www.mivar-viva.ee\/e-pood\/wp-json\/wp\/v2\/product_brand?post=812"},{"taxonomy":"product_cat","embeddable":true,"href":"https:\/\/www.mivar-viva.ee\/e-pood\/wp-json\/wp\/v2\/product_cat?post=812"},{"taxonomy":"product_tag","embeddable":true,"href":"https:\/\/www.mivar-viva.ee\/e-pood\/wp-json\/wp\/v2\/product_tag?post=812"}],"curies":[{"name":"wp","href":"https:\/\/api.w.org\/{rel}","templated":true}]}}