{"id":839,"date":"2014-09-10T08:12:01","date_gmt":"2014-09-10T08:12:01","guid":{"rendered":"http:\/\/www.www.mivar-viva.ee\/?post_type=product&#038;p=839"},"modified":"2026-03-19T10:08:29","modified_gmt":"2026-03-19T08:08:29","slug":"valge-tekk","status":"publish","type":"product","link":"https:\/\/www.mivar-viva.ee\/e-pood\/toode\/valge-tekk\/","title":{"rendered":"Valged tekid"},"content":{"rendered":"<p>Soojad, kerged ja kohevad tekid<\/p>\n<p>Teki pealisriie: puuvill\/pol\u00fcester<\/p>\n<p>T\u00e4idis: pol\u00fcesterkiud<\/p>\n<p>Hooldus: Pesu 40 kraadi juures v\u00f5i keemiline puhastus<\/p>\n<p>&nbsp;<\/p>\n","protected":false},"excerpt":{"rendered":"<p>Soojad, kerged ja kohevad tekid Teki pealisriie: puuvill\/pol\u00fcester T\u00e4idis: pol\u00fcesterkiud Hooldus: Pesu 40 kraadi juures v\u00f5i keemiline puhastus &nbsp;<\/p>\n","protected":false},"featured_media":25901,"comment_status":"closed","ping_status":"closed","template":"","meta":[],"product_brand":[],"product_cat":[15],"product_tag":[],"class_list":{"0":"post-839","1":"product","2":"type-product","3":"status-publish","4":"has-post-thumbnail","6":"product_cat-tekid","8":"first","9":"instock","10":"sale","11":"taxable","12":"shipping-taxable","13":"purchasable","14":"product-type-variable"},"aioseo_notices":[],"_links":{"self":[{"href":"https:\/\/www.mivar-viva.ee\/e-pood\/wp-json\/wp\/v2\/product\/839","targetHints":{"allow":["GET"]}}],"collection":[{"href":"https:\/\/www.mivar-viva.ee\/e-pood\/wp-json\/wp\/v2\/product"}],"about":[{"href":"https:\/\/www.mivar-viva.ee\/e-pood\/wp-json\/wp\/v2\/types\/product"}],"replies":[{"embeddable":true,"href":"https:\/\/www.mivar-viva.ee\/e-pood\/wp-json\/wp\/v2\/comments?post=839"}],"wp:featuredmedia":[{"embeddable":true,"href":"https:\/\/www.mivar-viva.ee\/e-pood\/wp-json\/wp\/v2\/media\/25901"}],"wp:attachment":[{"href":"https:\/\/www.mivar-viva.ee\/e-pood\/wp-json\/wp\/v2\/media?parent=839"}],"wp:term":[{"taxonomy":"product_brand","embeddable":true,"href":"https:\/\/www.mivar-viva.ee\/e-pood\/wp-json\/wp\/v2\/product_brand?post=839"},{"taxonomy":"product_cat","embeddable":true,"href":"https:\/\/www.mivar-viva.ee\/e-pood\/wp-json\/wp\/v2\/product_cat?post=839"},{"taxonomy":"product_tag","embeddable":true,"href":"https:\/\/www.mivar-viva.ee\/e-pood\/wp-json\/wp\/v2\/product_tag?post=839"}],"curies":[{"name":"wp","href":"https:\/\/api.w.org\/{rel}","templated":true}]}}