{"id":871,"date":"2014-08-21T09:52:26","date_gmt":"2014-08-21T09:52:26","guid":{"rendered":"http:\/\/www.www.mivar-viva.ee\/?post_type=product&#038;p=871"},"modified":"2026-03-03T16:23:01","modified_gmt":"2026-03-03T14:23:01","slug":"laste-lambavillatekk","status":"publish","type":"product","link":"https:\/\/www.mivar-viva.ee\/e-pood\/toode\/laste-lambavillatekk\/","title":{"rendered":"Laste lambavillatekid"},"content":{"rendered":"<p>Lambavillatekid on m\u00f5nusalt pehmed, kerged ja soojad ning sobivad \u00a0aastaringseks kasutuseks.<\/p>\n<p>Lambavill on k\u00f5rge isolatsiooniv\u00f5imega, ta hoiab h\u00e4sti kehatemperatuuri ja on seega magamise ja puhkamise jaoks ideaalne.<\/p>\n<p>Teki pealisriie: 100% puuvilla<\/p>\n<p>T\u00e4idis: 100% lambavilla<\/p>\n<p>Hooldus: Keemiline puhastus<\/p>\n<p><strong>Padja pealisriie v\u00f5ib erineda mustri ja v\u00e4rvi poolest pildil olevast<\/strong><\/p>\n","protected":false},"excerpt":{"rendered":"<p>Lambavillatekid on m\u00f5nusalt pehmed, kerged ja soojad ning sobivad \u00a0aastaringseks kasutuseks. Lambavill on k\u00f5rge isolatsiooniv\u00f5imega, ta hoiab h\u00e4sti kehatemperatuuri ja on seega magamise ja puhkamise jaoks ideaalne. Teki pealisriie: 100% puuvilla T\u00e4idis: 100% lambavilla Hooldus: Keemiline puhastus Padja pealisriie v\u00f5ib erineda mustri ja v\u00e4rvi poolest pildil olevast<\/p>\n","protected":false},"featured_media":28158,"comment_status":"closed","ping_status":"closed","template":"","meta":[],"product_brand":[],"product_cat":[15,20],"product_tag":[],"class_list":{"0":"post-871","1":"product","2":"type-product","3":"status-publish","4":"has-post-thumbnail","6":"product_cat-tekid","7":"product_cat-tooted-lastele","9":"first","10":"instock","11":"taxable","12":"shipping-taxable","13":"purchasable","14":"product-type-variable"},"aioseo_notices":[],"_links":{"self":[{"href":"https:\/\/www.mivar-viva.ee\/e-pood\/wp-json\/wp\/v2\/product\/871","targetHints":{"allow":["GET"]}}],"collection":[{"href":"https:\/\/www.mivar-viva.ee\/e-pood\/wp-json\/wp\/v2\/product"}],"about":[{"href":"https:\/\/www.mivar-viva.ee\/e-pood\/wp-json\/wp\/v2\/types\/product"}],"replies":[{"embeddable":true,"href":"https:\/\/www.mivar-viva.ee\/e-pood\/wp-json\/wp\/v2\/comments?post=871"}],"wp:featuredmedia":[{"embeddable":true,"href":"https:\/\/www.mivar-viva.ee\/e-pood\/wp-json\/wp\/v2\/media\/28158"}],"wp:attachment":[{"href":"https:\/\/www.mivar-viva.ee\/e-pood\/wp-json\/wp\/v2\/media?parent=871"}],"wp:term":[{"taxonomy":"product_brand","embeddable":true,"href":"https:\/\/www.mivar-viva.ee\/e-pood\/wp-json\/wp\/v2\/product_brand?post=871"},{"taxonomy":"product_cat","embeddable":true,"href":"https:\/\/www.mivar-viva.ee\/e-pood\/wp-json\/wp\/v2\/product_cat?post=871"},{"taxonomy":"product_tag","embeddable":true,"href":"https:\/\/www.mivar-viva.ee\/e-pood\/wp-json\/wp\/v2\/product_tag?post=871"}],"curies":[{"name":"wp","href":"https:\/\/api.w.org\/{rel}","templated":true}]}}