{"id":887,"date":"2014-08-08T07:41:41","date_gmt":"2014-08-08T07:41:41","guid":{"rendered":"http:\/\/www.www.mivar-viva.ee\/?post_type=product&#038;p=887"},"modified":"2026-03-19T13:39:58","modified_gmt":"2026-03-19T11:39:58","slug":"karvastatud-lambavillatekk","status":"publish","type":"product","link":"https:\/\/www.mivar-viva.ee\/e-pood\/toode\/karvastatud-lambavillatekk\/","title":{"rendered":"karvastatud lambavillatekid"},"content":{"rendered":"<p>Karvastatud lambavillatekid on m\u00f5nusalt pehmed, kerged ja soojad ning sobivad ideaalselt aastaringseks kasutuseks.<\/p>\n<p>Lambavill on k\u00f5rge isolatsiooniv\u00f5imega, ta hoiab h\u00e4sti kehatemperatuuri ja on seega magamise ja puhkamise jaoks ideaalne.<\/p>\n<p>Tekk on \u00fchekordne, karvastatud lambavillakangast<\/p>\n<p>Koostis: 100% lambavilla<\/p>\n<p>Hooldus: K\u00e4sipesu 30 kraadi juures v\u00f5i keemiline puhastus<\/p>\n","protected":false},"excerpt":{"rendered":"<p>Karvastatud lambavillatekid on m\u00f5nusalt pehmed, kerged ja soojad ning sobivad ideaalselt aastaringseks kasutuseks. Lambavill on k\u00f5rge isolatsiooniv\u00f5imega, ta hoiab h\u00e4sti kehatemperatuuri ja on seega magamise ja puhkamise jaoks ideaalne. Tekk on \u00fchekordne, karvastatud lambavillakangast Koostis: 100% lambavilla Hooldus: K\u00e4sipesu 30 kraadi juures v\u00f5i keemiline puhastus<\/p>\n","protected":false},"featured_media":28110,"comment_status":"closed","ping_status":"closed","template":"","meta":[],"product_brand":[],"product_cat":[15],"product_tag":[],"class_list":{"0":"post-887","1":"product","2":"type-product","3":"status-publish","4":"has-post-thumbnail","6":"product_cat-tekid","8":"first","9":"instock","10":"sale","11":"taxable","12":"shipping-taxable","13":"purchasable","14":"product-type-variable","15":"has-default-attributes"},"aioseo_notices":[],"_links":{"self":[{"href":"https:\/\/www.mivar-viva.ee\/e-pood\/wp-json\/wp\/v2\/product\/887","targetHints":{"allow":["GET"]}}],"collection":[{"href":"https:\/\/www.mivar-viva.ee\/e-pood\/wp-json\/wp\/v2\/product"}],"about":[{"href":"https:\/\/www.mivar-viva.ee\/e-pood\/wp-json\/wp\/v2\/types\/product"}],"replies":[{"embeddable":true,"href":"https:\/\/www.mivar-viva.ee\/e-pood\/wp-json\/wp\/v2\/comments?post=887"}],"wp:featuredmedia":[{"embeddable":true,"href":"https:\/\/www.mivar-viva.ee\/e-pood\/wp-json\/wp\/v2\/media\/28110"}],"wp:attachment":[{"href":"https:\/\/www.mivar-viva.ee\/e-pood\/wp-json\/wp\/v2\/media?parent=887"}],"wp:term":[{"taxonomy":"product_brand","embeddable":true,"href":"https:\/\/www.mivar-viva.ee\/e-pood\/wp-json\/wp\/v2\/product_brand?post=887"},{"taxonomy":"product_cat","embeddable":true,"href":"https:\/\/www.mivar-viva.ee\/e-pood\/wp-json\/wp\/v2\/product_cat?post=887"},{"taxonomy":"product_tag","embeddable":true,"href":"https:\/\/www.mivar-viva.ee\/e-pood\/wp-json\/wp\/v2\/product_tag?post=887"}],"curies":[{"name":"wp","href":"https:\/\/api.w.org\/{rel}","templated":true}]}}