{"id":925,"date":"2014-09-15T13:03:55","date_gmt":"2014-09-15T13:03:55","guid":{"rendered":"http:\/\/www.www.mivar-viva.ee\/?post_type=product&#038;p=925"},"modified":"2026-02-05T09:14:14","modified_gmt":"2026-02-05T07:14:14","slug":"madratsikate","status":"publish","type":"product","link":"https:\/\/www.mivar-viva.ee\/e-pood\/toode\/madratsikate\/","title":{"rendered":"Valged madratsikatted"},"content":{"rendered":"<p>Pealisriie: puuvill\/pol\u00fcester<\/p>\n<p>T\u00e4idis: 100% pol\u00fcesterkiud<\/p>\n<p>Katte nurkades kummid madratsi peale\u00a0kinnitamiseks.<\/p>\n<p>Hooldus: Pesu 40 kraadi juures v\u00f5i keemiline puhastus<\/p>\n","protected":false},"excerpt":{"rendered":"<p>Pealisriie: puuvill\/pol\u00fcester T\u00e4idis: 100% pol\u00fcesterkiud Katte nurkades kummid madratsi peale\u00a0kinnitamiseks. Hooldus: Pesu 40 kraadi juures v\u00f5i keemiline puhastus<\/p>\n","protected":false},"featured_media":24668,"comment_status":"closed","ping_status":"closed","template":"","meta":[],"product_brand":[],"product_cat":[17],"product_tag":[],"class_list":{"0":"post-925","1":"product","2":"type-product","3":"status-publish","4":"has-post-thumbnail","6":"product_cat-madratsikatted","8":"first","9":"instock","10":"sale","11":"taxable","12":"shipping-taxable","13":"purchasable","14":"product-type-variable"},"aioseo_notices":[],"_links":{"self":[{"href":"https:\/\/www.mivar-viva.ee\/e-pood\/wp-json\/wp\/v2\/product\/925","targetHints":{"allow":["GET"]}}],"collection":[{"href":"https:\/\/www.mivar-viva.ee\/e-pood\/wp-json\/wp\/v2\/product"}],"about":[{"href":"https:\/\/www.mivar-viva.ee\/e-pood\/wp-json\/wp\/v2\/types\/product"}],"replies":[{"embeddable":true,"href":"https:\/\/www.mivar-viva.ee\/e-pood\/wp-json\/wp\/v2\/comments?post=925"}],"wp:featuredmedia":[{"embeddable":true,"href":"https:\/\/www.mivar-viva.ee\/e-pood\/wp-json\/wp\/v2\/media\/24668"}],"wp:attachment":[{"href":"https:\/\/www.mivar-viva.ee\/e-pood\/wp-json\/wp\/v2\/media?parent=925"}],"wp:term":[{"taxonomy":"product_brand","embeddable":true,"href":"https:\/\/www.mivar-viva.ee\/e-pood\/wp-json\/wp\/v2\/product_brand?post=925"},{"taxonomy":"product_cat","embeddable":true,"href":"https:\/\/www.mivar-viva.ee\/e-pood\/wp-json\/wp\/v2\/product_cat?post=925"},{"taxonomy":"product_tag","embeddable":true,"href":"https:\/\/www.mivar-viva.ee\/e-pood\/wp-json\/wp\/v2\/product_tag?post=925"}],"curies":[{"name":"wp","href":"https:\/\/api.w.org\/{rel}","templated":true}]}}